{"id":2,"date":"2025-01-29T13:17:33","date_gmt":"2025-01-29T13:17:33","guid":{"rendered":"https:\/\/maticaumirovljenika-bpz.hr\/?page_id=2"},"modified":"2025-09-09T14:52:17","modified_gmt":"2025-09-09T14:52:17","slug":"sample-page","status":"publish","type":"page","link":"https:\/\/maticaumirovljenika-bpz.hr\/","title":{"rendered":"Po\u010detna stranica \/  o nama"},"content":{"rendered":"\n<figure class=\"wp-block-image size-full is-resized\"><a href=\"https:\/\/maticaumirovljenika-bpz.hr\/logotip\/\"><img loading=\"lazy\" decoding=\"async\" width=\"143\" height=\"138\" src=\"https:\/\/maticaumirovljenika-bpz.hr\/wp-content\/uploads\/2025\/01\/logotip.png\" alt=\"\" class=\"wp-image-11\" style=\"width:152px;height:auto\"\/><\/a><\/figure>\n\n\n\n<p><\/p>\n\n\n\n<figure class=\"wp-block-image size-full\"><img loading=\"lazy\" decoding=\"async\" width=\"134\" height=\"125\" src=\"https:\/\/maticaumirovljenika-bpz.hr\/wp-content\/uploads\/2025\/07\/image.png\" alt=\"\" class=\"wp-image-167\"\/><\/figure>\n\n\n\n<p>Matica umirovljenika Brodsko-posavske \u017eupanije &nbsp;je korisnica institucionalne podr\u0161ke Nacionalne zaklade za razvoj civilnoga dru\u0161tva za stabilizaciju i\/ili razvoj udruge.<\/p>\n\n\n\n<h2 class=\"wp-block-heading\">Najnovije objave<\/h2>\n\n\n<ul class=\"wp-block-latest-posts__list is-grid columns-3 wp-block-latest-posts\"><li><a class=\"wp-block-latest-posts__post-title\" href=\"https:\/\/maticaumirovljenika-bpz.hr\/index.php\/2026\/01\/24\/financijski-izvjestaj-neprofitnih-organizacija-2025\/\">Financijski izvje\u0161taj neprofitnih organizacija 2025.<\/a><\/li>\n<li><a class=\"wp-block-latest-posts__post-title\" href=\"https:\/\/maticaumirovljenika-bpz.hr\/index.php\/2026\/01\/24\/godisnji-financijski-izvjestaj-2025\/\">Godi\u0161nji financijski izvje\u0161taj 2025.<\/a><\/li>\n<li><a class=\"wp-block-latest-posts__post-title\" href=\"https:\/\/maticaumirovljenika-bpz.hr\/index.php\/2026\/01\/23\/docek-n-godine\/\">Do\u010dek N. godine<\/a><\/li>\n<li><a class=\"wp-block-latest-posts__post-title\" href=\"https:\/\/maticaumirovljenika-bpz.hr\/index.php\/2026\/01\/23\/uredenje-okolisa-crkva-sv-leonarda\/\">Ure\u0111enje okoli\u0161a crkva Sv. Leonarda<\/a><\/li>\n<li><a class=\"wp-block-latest-posts__post-title\" href=\"https:\/\/maticaumirovljenika-bpz.hr\/index.php\/2026\/01\/23\/363\/\">Mentalni fitnes<\/a><\/li>\n<\/ul>\n\n\n<p>Edukacija Nova Kapela <\/p>\n\n\n\n<div data-wp-interactive=\"core\/file\" class=\"wp-block-file\"><object data-wp-bind--hidden=\"!state.hasPdfPreview\" hidden class=\"wp-block-file__embed\" data=\"https:\/\/maticaumirovljenika-bpz.hr\/wp-content\/uploads\/2025\/09\/Edukacija-u-UUNK-1.pdf\" type=\"application\/pdf\" style=\"width:100%;height:600px\" aria-label=\"Ugra\u0111eno Edukacia u UUNK.\"><\/object><a id=\"wp-block-file--media-c2c755bb-cc65-48a0-9c2a-2749183ccdb9\" href=\"https:\/\/maticaumirovljenika-bpz.hr\/wp-content\/uploads\/2025\/09\/Edukacija-u-UUNK-1.pdf\">Edukacia u UUNK<\/a><a href=\"https:\/\/maticaumirovljenika-bpz.hr\/wp-content\/uploads\/2025\/09\/Edukacija-u-UUNK-1.pdf\" class=\"wp-block-file__button wp-element-button\" download aria-describedby=\"wp-block-file--media-c2c755bb-cc65-48a0-9c2a-2749183ccdb9\">Preuzmi<\/a><\/div>\n\n\n\n<p><\/p>\n","protected":false},"excerpt":{"rendered":"<p>Matica umirovljenika Brodsko-posavske \u017eupanije &nbsp;je korisnica institucionalne podr\u0161ke Nacionalne zaklade za razvoj civilnoga dru\u0161tva za stabilizaciju i\/ili razvoj udruge. Najnovije objave Edukacija Nova Kapela<\/p>\n","protected":false},"author":1,"featured_media":0,"parent":0,"menu_order":0,"comment_status":"closed","ping_status":"open","template":"","meta":{"footnotes":""},"class_list":["post-2","page","type-page","status-publish","hentry"],"_links":{"self":[{"href":"https:\/\/maticaumirovljenika-bpz.hr\/index.php\/wp-json\/wp\/v2\/pages\/2","targetHints":{"allow":["GET"]}}],"collection":[{"href":"https:\/\/maticaumirovljenika-bpz.hr\/index.php\/wp-json\/wp\/v2\/pages"}],"about":[{"href":"https:\/\/maticaumirovljenika-bpz.hr\/index.php\/wp-json\/wp\/v2\/types\/page"}],"author":[{"embeddable":true,"href":"https:\/\/maticaumirovljenika-bpz.hr\/index.php\/wp-json\/wp\/v2\/users\/1"}],"replies":[{"embeddable":true,"href":"https:\/\/maticaumirovljenika-bpz.hr\/index.php\/wp-json\/wp\/v2\/comments?post=2"}],"version-history":[{"count":10,"href":"https:\/\/maticaumirovljenika-bpz.hr\/index.php\/wp-json\/wp\/v2\/pages\/2\/revisions"}],"predecessor-version":[{"id":283,"href":"https:\/\/maticaumirovljenika-bpz.hr\/index.php\/wp-json\/wp\/v2\/pages\/2\/revisions\/283"}],"wp:attachment":[{"href":"https:\/\/maticaumirovljenika-bpz.hr\/index.php\/wp-json\/wp\/v2\/media?parent=2"}],"curies":[{"name":"wp","href":"https:\/\/api.w.org\/{rel}","templated":true}]}}